{"id":22,"date":"2017-08-15T12:58:19","date_gmt":"2017-08-15T12:58:19","guid":{"rendered":"https:\/\/www.solmazozduzen.com\/s\/?page_id=22"},"modified":"2017-11-22T16:16:51","modified_gmt":"2017-11-22T13:16:51","slug":"hakkimda","status":"publish","type":"page","link":"https:\/\/www.solmazozduzen.com\/en\/hakkimda\/","title":{"rendered":"About"},"content":{"rendered":"<div class=\"wpb-content-wrapper\"><p>[vc_row row_height_percent=&#8221;0&#8243; back_color=&#8221;color-prif&#8221; overlay_alpha=&#8221;50&#8243; gutter_size=&#8221;3&#8243; column_width_percent=&#8221;100&#8243; shift_y=&#8221;0&#8243; z_index=&#8221;0&#8243;][vc_column column_width_percent=&#8221;100&#8243; overlay_alpha=&#8221;50&#8243; gutter_size=&#8221;3&#8243; medium_width=&#8221;0&#8243; mobile_width=&#8221;0&#8243; shift_x=&#8221;0&#8243; shift_y=&#8221;0&#8243; shift_y_down=&#8221;0&#8243; z_index=&#8221;0&#8243; css_animation=&#8221;left-t-right&#8221; animation_delay=&#8221;200&#8243; width=&#8221;1\/1&#8243;][vc_custom_heading heading_semantic=&#8221;h5&#8243; text_size=&#8221;h5&#8243;]Has been working freelance since July 2013. Some projects and work experiences:[\/vc_custom_heading][vc_column_text]<\/p>\n<ul>\n<li><a href=\"https:\/\/www.solmazozduzen.com\/s\/portfolyo\/the-stay-otel\/\"><strong>The Stay Otel &#8211; Ala\u00e7at\u0131 (2017)\u00a0<\/strong> ?<\/a>\n<ul>\n<li>Interior architectural consultancy and project coordination for the design, drawings and application of the project.<\/li>\n<\/ul>\n<\/li>\n<li><strong>\u00dcnal \u00d6ncel Home &#8211; \u0130stanbul (2017)<\/strong>\n<ul>\n<li>Home interior architecture design and application drawings and project control.<\/li>\n<\/ul>\n<\/li>\n<li><a href=\"https:\/\/www.solmazozduzen.com\/s\/portfolyo\/jale-tamsan-avukatlik-ofisi\/\"><strong>Jale Tam\u015fan Law Office &#8211; \u0130stanbul (2017)\u00a0?<\/strong><\/a>\n<ul>\n<li>Law office design and application drawings and project control.<\/li>\n<\/ul>\n<\/li>\n<li><a href=\"https:\/\/www.solmazozduzen.com\/s\/portfolyo\/the-s-otel\/\"><strong>The S Hotel &#8211; Ala\u00e7at\u0131 (2016) ?<\/strong><\/a>\n<ul>\n<li>Interior architectural consultancy and project coordination for the design, drawings and application of the project.<\/li>\n<\/ul>\n<\/li>\n<li><a href=\"https:\/\/www.solmazozduzen.com\/s\/portfolyo\/cin-by-goz-restoran-bar\/\"><strong>Cin by G\u00f6z Restaurant Bar &#8211; Ala\u00e7at\u0131 (2015) ?<\/strong><\/a>\n<ul>\n<li>Concept specification, design, application drawings and application control.<\/li>\n<\/ul>\n<\/li>\n<li><a href=\"https:\/\/www.solmazozduzen.com\/s\/portfolyo\/mehmetoglu-hukuk-burosu\/\"><strong>Mehmeto\u011flu Law Office &#8211; Ala\u00e7at\u0131 (2014) ?<\/strong><\/a>\n<ul>\n<li>Law office design and application drawings and project control.<\/li>\n<\/ul>\n<\/li>\n<\/ul>\n<p>[\/vc_column_text][\/vc_column][\/vc_row][vc_row row_height_percent=&#8221;0&#8243; overlay_alpha=&#8221;50&#8243; gutter_size=&#8221;3&#8243; column_width_percent=&#8221;100&#8243; shift_y=&#8221;0&#8243; z_index=&#8221;0&#8243;][vc_column column_width_percent=&#8221;100&#8243; overlay_alpha=&#8221;50&#8243; gutter_size=&#8221;3&#8243; medium_width=&#8221;0&#8243; mobile_width=&#8221;0&#8243; shift_x=&#8221;0&#8243; shift_y=&#8221;0&#8243; shift_y_down=&#8221;0&#8243; z_index=&#8221;0&#8243; css_animation=&#8221;right-t-left&#8221; animation_delay=&#8221;200&#8243; width=&#8221;1\/1&#8243;][vc_custom_heading heading_semantic=&#8221;h5&#8243; text_size=&#8221;h5&#8243;]Polimeks Construction (March 2009- July 2013)[\/vc_custom_heading][vc_column_text]<\/p>\n<ul>\n<li><a href=\"https:\/\/www.solmazozduzen.com\/s\/portfolyo\/alavya-otel\/\"><strong>Alavya Otel (Ala\u00e7at\u0131)\u00a0?<\/strong><\/a><br \/>\n<em>Project Manager.<\/em><\/li>\n<\/ul>\n<ul>\n<li><a href=\"https:\/\/www.solmazozduzen.com\/s\/portfolyo\/mda-dev-donme-dolap-ve-eglence-merkezi\/\"><strong>MDA (Giant wheel and the entertainment center) &#8211;\u00a0Ashgabat ?<\/strong><\/a><br \/>\n<em>Project design and coordination;<\/em><\/li>\n<\/ul>\n<ul>\n<li><a href=\"https:\/\/www.solmazozduzen.com\/s\/portfolyo\/ozel-villa\/\"><strong>Presidents\u2019 private house project &#8211;\u00a0Ashgabat ?<\/strong><\/a><br \/>\n<em>Project design, drawing and project coordination;<\/em><\/li>\n<\/ul>\n<p>[\/vc_column_text][\/vc_column][\/vc_row][vc_row row_height_percent=&#8221;0&#8243; back_color=&#8221;color-prif&#8221; overlay_alpha=&#8221;50&#8243; gutter_size=&#8221;3&#8243; column_width_percent=&#8221;100&#8243; shift_y=&#8221;0&#8243; z_index=&#8221;0&#8243;][vc_column column_width_percent=&#8221;100&#8243; overlay_alpha=&#8221;50&#8243; gutter_size=&#8221;3&#8243; medium_width=&#8221;0&#8243; mobile_width=&#8221;0&#8243; shift_x=&#8221;0&#8243; shift_y=&#8221;0&#8243; shift_y_down=&#8221;0&#8243; z_index=&#8221;0&#8243; css_animation=&#8221;left-t-right&#8221; animation_delay=&#8221;200&#8243; width=&#8221;1\/1&#8243;][vc_custom_heading heading_semantic=&#8221;h5&#8243; text_size=&#8221;h5&#8243;]Metex Design &#8211; Interior Architect (September 2008-March 2009);[\/vc_custom_heading][vc_column_text]<\/p>\n<ul>\n<li><a href=\"https:\/\/www.solmazozduzen.com\/s\/portfolyo\/pera-palas\/\"><strong>Pera Palas &#8211; \u0130stanbul ?<\/strong><\/a>\n<ul>\n<li>Pera Palas, all rooms and suits application drawings.<\/li>\n<\/ul>\n<\/li>\n<\/ul>\n<p>[\/vc_column_text][\/vc_column][\/vc_row][vc_row row_height_percent=&#8221;0&#8243; overlay_alpha=&#8221;50&#8243; gutter_size=&#8221;3&#8243; column_width_percent=&#8221;100&#8243; shift_y=&#8221;0&#8243; z_index=&#8221;0&#8243;][vc_column column_width_percent=&#8221;100&#8243; overlay_alpha=&#8221;50&#8243; gutter_size=&#8221;3&#8243; medium_width=&#8221;0&#8243; mobile_width=&#8221;0&#8243; shift_x=&#8221;0&#8243; shift_y=&#8221;0&#8243; shift_y_down=&#8221;0&#8243; z_index=&#8221;0&#8243; css_animation=&#8221;right-t-left&#8221; animation_delay=&#8221;200&#8243; width=&#8221;1\/1&#8243;][vc_custom_heading heading_semantic=&#8221;h5&#8243; text_size=&#8221;h5&#8243;]Berggruen Construction &amp; Project Development\u00a0 &#8211; Interior Architect (August 2007- September 2008)[\/vc_custom_heading][vc_column_text]<\/p>\n<ul>\n<li><a href=\"https:\/\/www.solmazozduzen.com\/s\/portfolyo\/berggruen-construction-project-development\/\"><strong>Bodrum 2. Phase G\u00fcm\u00fc\u015fl\u00fck Project\u00a0?<\/strong><\/a>\n<ul>\n<li>Application drawings, BOQ &amp; price list, material selection and purchasing for Bodrum G\u00fcm\u00fc\u015fl\u00fck 2nd phase project, which were designed by Thomas Sandell, Gert Wing\u00e5rdh and Jarmung&amp;Vigsn\u00e6s<\/li>\n<\/ul>\n<\/li>\n<li><a href=\"https:\/\/www.solmazozduzen.com\/s\/portfolyo\/berggruen-construction-project-development\/\"><strong>Bodrum Yal\u0131kavak Project\u00a0?<\/strong><\/a>\n<ul>\n<li>Application drawings, BOQ &amp; price list, material selection and purchasing for Bodrum Yal\u0131kavak Project designed by Richard Meier.<\/li>\n<\/ul>\n<\/li>\n<\/ul>\n<p>[\/vc_column_text][\/vc_column][\/vc_row][vc_row row_height_percent=&#8221;0&#8243; back_color=&#8221;color-prif&#8221; overlay_alpha=&#8221;50&#8243; gutter_size=&#8221;3&#8243; column_width_percent=&#8221;100&#8243; shift_y=&#8221;0&#8243; z_index=&#8221;0&#8243;][vc_column column_width_percent=&#8221;100&#8243; overlay_alpha=&#8221;50&#8243; gutter_size=&#8221;3&#8243; medium_width=&#8221;0&#8243; mobile_width=&#8221;0&#8243; shift_x=&#8221;0&#8243; shift_y=&#8221;0&#8243; shift_y_down=&#8221;0&#8243; z_index=&#8221;0&#8243; css_animation=&#8221;left-t-right&#8221; animation_delay=&#8221;200&#8243; width=&#8221;1\/1&#8243;][vc_custom_heading heading_semantic=&#8221;h5&#8243; text_size=&#8221;h5&#8243;]Proarch-\u00d6ney Mimarl\u0131k &#8211; Interior Architect and Project Manager (September 2006 &#8211; August2007)[\/vc_custom_heading][vc_column_text]<\/p>\n<ul>\n<li><a href=\"https:\/\/www.solmazozduzen.com\/s\/portfolyo\/eti-yonetim-binasi\/\"><strong>ET\u0130 Executive Building &#8211; \u00c7aml\u0131ca ?<\/strong><\/a>\n<ul>\n<li>ET\u0130 (\u00c7aml\u0131ca) executive building&#8217;s design, shop drawings, work program, BOQ and price list, projectcontrol during the application and as built project drawings.<\/li>\n<li>Morgan Stanley Kanyon ofiice project\u2019s as built drawings.<\/li>\n<li>JP Morgan Office project in Kanyon\u2019s tender documents (BOQ&amp; price lists)<\/li>\n<\/ul>\n<\/li>\n<\/ul>\n<p>[\/vc_column_text][\/vc_column][\/vc_row][vc_row row_height_percent=&#8221;0&#8243; overlay_alpha=&#8221;50&#8243; gutter_size=&#8221;3&#8243; column_width_percent=&#8221;100&#8243; shift_y=&#8221;0&#8243; z_index=&#8221;0&#8243;][vc_column column_width_percent=&#8221;100&#8243; overlay_alpha=&#8221;50&#8243; gutter_size=&#8221;3&#8243; medium_width=&#8221;0&#8243; mobile_width=&#8221;0&#8243; shift_x=&#8221;0&#8243; shift_y=&#8221;0&#8243; shift_y_down=&#8221;0&#8243; z_index=&#8221;0&#8243; css_animation=&#8221;right-t-left&#8221; animation_delay=&#8221;200&#8243; width=&#8221;1\/1&#8243;][vc_custom_heading heading_semantic=&#8221;h5&#8243; text_size=&#8221;h5&#8243;]Pop Design &#8211; Interior Architect and Project Manager (November2005 &#8211; September2006)[\/vc_custom_heading][vc_column_text]<\/p>\n<ul>\n<li><a href=\"https:\/\/www.solmazozduzen.com\/s\/portfolyo\/ifc-kanyon-ofisi\/\"><strong>IFC Kanyon Office\u00a0?<\/strong><\/a>\n<ul>\n<li>IFC Kanyon office\u2019s design, shop drawings, workprogram, and project control during application.<\/li>\n<\/ul>\n<\/li>\n<\/ul>\n<p>[\/vc_column_text][\/vc_column][\/vc_row][vc_row row_height_percent=&#8221;0&#8243; back_color=&#8221;color-prif&#8221; overlay_alpha=&#8221;50&#8243; gutter_size=&#8221;3&#8243; column_width_percent=&#8221;100&#8243; shift_y=&#8221;0&#8243; z_index=&#8221;0&#8243;][vc_column column_width_percent=&#8221;100&#8243; overlay_alpha=&#8221;50&#8243; gutter_size=&#8221;3&#8243; medium_width=&#8221;0&#8243; mobile_width=&#8221;0&#8243; shift_x=&#8221;0&#8243; shift_y=&#8221;0&#8243; shift_y_down=&#8221;0&#8243; z_index=&#8221;0&#8243; css_animation=&#8221;left-t-right&#8221; animation_delay=&#8221;200&#8243; width=&#8221;1\/1&#8243;][vc_custom_heading heading_semantic=&#8221;h5&#8243; text_size=&#8221;h5&#8243;]Freelance &#8211; Interior Architect (November 2004-November2005)[\/vc_custom_heading][vc_column_text]<\/p>\n<ul>\n<li><strong>Ke\u00e7em \u2013 Ni\u015fanta\u015f\u0131 (KE\u00c7EM)\u00a0<\/strong>\n<ul>\n<li>Design and applications of Felt design shop in Ni\u015fanta\u015f\u0131 (KE\u00c7EM)<\/li>\n<\/ul>\n<\/li>\n<li><strong>Yuko-Y\u00fcksel House &#8211; Etiler<\/strong>\n<ul>\n<li>\u00a0 Design and applications of Yuko-Y\u00fcksel \u00c7ilingir house in Etiler.<\/li>\n<\/ul>\n<\/li>\n<\/ul>\n<p>[\/vc_column_text][\/vc_column][\/vc_row][vc_row row_height_percent=&#8221;0&#8243; overlay_alpha=&#8221;50&#8243; gutter_size=&#8221;3&#8243; column_width_percent=&#8221;100&#8243; shift_y=&#8221;0&#8243; z_index=&#8221;0&#8243;][vc_column column_width_percent=&#8221;100&#8243; overlay_alpha=&#8221;50&#8243; gutter_size=&#8221;3&#8243; medium_width=&#8221;0&#8243; mobile_width=&#8221;0&#8243; shift_x=&#8221;0&#8243; shift_y=&#8221;0&#8243; shift_y_down=&#8221;0&#8243; z_index=&#8221;0&#8243; css_animation=&#8221;right-t-left&#8221; animation_delay=&#8221;200&#8243; width=&#8221;1\/1&#8243;][vc_custom_heading heading_semantic=&#8221;h5&#8243; text_size=&#8221;h5&#8243;]Ak\u0131n Nal\u00e7a &#8211; Client Representative and Project Manager (February 2004 &#8211; November 2004)[\/vc_custom_heading][\/vc_column][\/vc_row][vc_row row_height_percent=&#8221;0&#8243; back_color=&#8221;color-prif&#8221; overlay_alpha=&#8221;50&#8243; gutter_size=&#8221;3&#8243; column_width_percent=&#8221;100&#8243; shift_y=&#8221;0&#8243; z_index=&#8221;0&#8243;][vc_column column_width_percent=&#8221;100&#8243; overlay_alpha=&#8221;50&#8243; gutter_size=&#8221;3&#8243; medium_width=&#8221;0&#8243; mobile_width=&#8221;0&#8243; shift_x=&#8221;0&#8243; shift_y=&#8221;0&#8243; shift_y_down=&#8221;0&#8243; z_index=&#8221;0&#8243; css_animation=&#8221;left-t-right&#8221; animation_delay=&#8221;200&#8243; width=&#8221;1\/1&#8243;][vc_custom_heading heading_semantic=&#8221;h5&#8243; text_size=&#8221;h5&#8243;]Granit Center &#8211; Interior Architect and Import Kitchen Furniture Department Responsible<br \/>\n(January 2002 &#8211; February 2004)[\/vc_custom_heading][\/vc_column][\/vc_row][vc_row row_height_percent=&#8221;0&#8243; overlay_alpha=&#8221;50&#8243; gutter_size=&#8221;3&#8243; column_width_percent=&#8221;100&#8243; shift_y=&#8221;0&#8243; z_index=&#8221;0&#8243;][vc_column column_width_percent=&#8221;100&#8243; overlay_alpha=&#8221;50&#8243; gutter_size=&#8221;3&#8243; medium_width=&#8221;0&#8243; mobile_width=&#8221;0&#8243; shift_x=&#8221;0&#8243; shift_y=&#8221;0&#8243; shift_y_down=&#8221;0&#8243; z_index=&#8221;0&#8243; css_animation=&#8221;right-t-left&#8221; animation_delay=&#8221;200&#8243; width=&#8221;1\/1&#8243;][vc_custom_heading heading_semantic=&#8221;h5&#8243; text_size=&#8221;h5&#8243;]Lineadecor (Dekor Ah\u015fap \u00dcr\u00fcnleri A.\u015e.) &#8211; Research Development Specialist and International Purchase Responsible (March 2000-December 2001)[\/vc_custom_heading][\/vc_column][\/vc_row][vc_row row_height_percent=&#8221;0&#8243; back_color=&#8221;color-prif&#8221; overlay_alpha=&#8221;50&#8243; gutter_size=&#8221;3&#8243; column_width_percent=&#8221;100&#8243; shift_y=&#8221;0&#8243; z_index=&#8221;0&#8243;][vc_column column_width_percent=&#8221;100&#8243; overlay_alpha=&#8221;50&#8243; gutter_size=&#8221;3&#8243; medium_width=&#8221;0&#8243; mobile_width=&#8221;0&#8243; shift_x=&#8221;0&#8243; shift_y=&#8221;0&#8243; shift_y_down=&#8221;0&#8243; z_index=&#8221;0&#8243; css_animation=&#8221;left-t-right&#8221; animation_delay=&#8221;200&#8243; width=&#8221;1\/1&#8243;][vc_custom_heading heading_semantic=&#8221;h5&#8243; text_size=&#8221;h5&#8243;]Koleksiyon Mobilya A.\u015e. &#8211;\u00a0Interior Architect and Sales Representative. (June 1999 &#8211; March 2000)[\/vc_custom_heading][\/vc_column][\/vc_row][vc_row][vc_column][vc_column_text]<\/p>\n<p>[\/vc_column_text][\/vc_column][\/vc_row]<\/p>\n<\/div>","protected":false},"excerpt":{"rendered":"<p>[vc_row row_height_percent=&#8221;0&#8243; back_color=&#8221;color-prif&#8221; overlay_alpha=&#8221;50&#8243; gutter_size=&#8221;3&#8243; column_width_percent=&#8221;100&#8243; shift_y=&#8221;0&#8243; z_index=&#8221;0&#8243;][vc_column column_width_percent=&#8221;100&#8243; overlay_alpha=&#8221;50&#8243; gutter_size=&#8221;3&#8243; medium_width=&#8221;0&#8243; mobile_width=&#8221;0&#8243; shift_x=&#8221;0&#8243; shift_y=&#8221;0&#8243; shift_y_down=&#8221;0&#8243; z_index=&#8221;0&#8243; css_animation=&#8221;left-t-right&#8221; animation_delay=&#8221;200&#8243; width=&#8221;1\/1&#8243;][vc_custom_heading [&hellip;]<\/p>\n","protected":false},"author":2,"featured_media":0,"parent":0,"menu_order":0,"comment_status":"closed","ping_status":"closed","template":"","meta":{"footnotes":""},"class_list":["post-22","page","type-page","status-publish","hentry"],"aioseo_notices":[],"_links":{"self":[{"href":"https:\/\/www.solmazozduzen.com\/en\/wp-json\/wp\/v2\/pages\/22","targetHints":{"allow":["GET"]}}],"collection":[{"href":"https:\/\/www.solmazozduzen.com\/en\/wp-json\/wp\/v2\/pages"}],"about":[{"href":"https:\/\/www.solmazozduzen.com\/en\/wp-json\/wp\/v2\/types\/page"}],"author":[{"embeddable":true,"href":"https:\/\/www.solmazozduzen.com\/en\/wp-json\/wp\/v2\/users\/2"}],"replies":[{"embeddable":true,"href":"https:\/\/www.solmazozduzen.com\/en\/wp-json\/wp\/v2\/comments?post=22"}],"version-history":[{"count":10,"href":"https:\/\/www.solmazozduzen.com\/en\/wp-json\/wp\/v2\/pages\/22\/revisions"}],"predecessor-version":[{"id":467,"href":"https:\/\/www.solmazozduzen.com\/en\/wp-json\/wp\/v2\/pages\/22\/revisions\/467"}],"wp:attachment":[{"href":"https:\/\/www.solmazozduzen.com\/en\/wp-json\/wp\/v2\/media?parent=22"}],"curies":[{"name":"wp","href":"https:\/\/api.w.org\/{rel}","templated":true}]}}